{"id":104,"date":"2024-04-17T11:23:09","date_gmt":"2024-04-17T09:23:09","guid":{"rendered":"https:\/\/preprod.barakuda.hu\/?page_id=104"},"modified":"2024-04-17T11:24:04","modified_gmt":"2024-04-17T09:24:04","slug":"termekeink","status":"publish","type":"page","link":"https:\/\/preprod.barakuda.hu\/?page_id=104","title":{"rendered":"Term\u00e9keink"},"content":{"rendered":"\t\t<div data-elementor-type=\"wp-page\" data-elementor-id=\"104\" class=\"elementor elementor-104\">\n\t\t\t\t\t\t\t\t\t<section class=\"elementor-section elementor-top-section elementor-element elementor-element-0bd42db elementor-section-boxed elementor-section-height-default elementor-section-height-default\" data-id=\"0bd42db\" data-element_type=\"section\">\n\t\t\t\t\t\t<div class=\"elementor-container elementor-column-gap-default\">\n\t\t\t\t\t<div class=\"elementor-column elementor-col-100 elementor-top-column elementor-element elementor-element-2808d15\" data-id=\"2808d15\" data-element_type=\"column\">\n\t\t\t<div class=\"elementor-widget-wrap elementor-element-populated\">\n\t\t\t\t\t\t\t\t<div class=\"elementor-element elementor-element-2ae83fc elementor-widget elementor-widget-text-editor\" data-id=\"2ae83fc\" data-element_type=\"widget\" data-widget_type=\"text-editor.default\">\n\t\t\t\t<div class=\"elementor-widget-container\">\n\t\t\t<style>\/*! elementor - v3.15.0 - 09-08-2023 *\/\n.elementor-widget-text-editor.elementor-drop-cap-view-stacked .elementor-drop-cap{background-color:#69727d;color:#fff}.elementor-widget-text-editor.elementor-drop-cap-view-framed .elementor-drop-cap{color:#69727d;border:3px solid;background-color:transparent}.elementor-widget-text-editor:not(.elementor-drop-cap-view-default) .elementor-drop-cap{margin-top:8px}.elementor-widget-text-editor:not(.elementor-drop-cap-view-default) .elementor-drop-cap-letter{width:1em;height:1em}.elementor-widget-text-editor .elementor-drop-cap{float:left;text-align:center;line-height:1;font-size:50px}.elementor-widget-text-editor .elementor-drop-cap-letter{display:inline-block}<\/style>\t\t\t\t<p>P\u00e9nz\u00fcgyi v\u00e1llalkoz\u00e1sok sz\u00e1m\u00e1ra fejleszt\u00fcnk hitelez\u00e9si \u00e9s k\u00f6vetel\u00e9skezel\u00e9si adatb\u00e1ziskezel\u0151 rendszereket, melyek a nyilv\u00e1ntart\u00e1st\u00f3l a k\u00f6nyvel\u00e9sig minden met\u00f3dust magukban foglalnak.<\/p><ol><li>Hitelez\u00e9si adatb\u00e1ziskezel\u0151 szoftver<\/li><li>K\u00f6vetel\u00e9skezel\u00e9si adatb\u00e1ziskezel\u0151 szoftver<\/li><\/ol><p>A term\u00e9keink r\u00e9szletes inform\u00e1ci\u00f3ihoz k\u00e9rj\u00fck keressenek minket a megadott el\u00e9rhet\u0151s\u00e9geinken.<\/p>\t\t\t\t\t\t<\/div>\n\t\t\t\t<\/div>\n\t\t\t\t\t<\/div>\n\t\t<\/div>\n\t\t\t\t\t\t\t<\/div>\n\t\t<\/section>\n\t\t\t\t\t\t\t<\/div>\n\t\t","protected":false},"excerpt":{"rendered":"<p>P\u00e9nz\u00fcgyi v\u00e1llalkoz\u00e1sok sz\u00e1m\u00e1ra fejleszt\u00fcnk hitelez\u00e9si \u00e9s k\u00f6vetel\u00e9skezel\u00e9si adatb\u00e1ziskezel\u0151 rendszereket, melyek a nyilv\u00e1ntart\u00e1st\u00f3l a k\u00f6nyvel\u00e9sig minden met\u00f3dust magukban foglalnak. Hitelez\u00e9si adatb\u00e1ziskezel\u0151 szoftver K\u00f6vetel\u00e9skezel\u00e9si adatb\u00e1ziskezel\u0151 szoftver A term\u00e9keink r\u00e9szletes inform\u00e1ci\u00f3ihoz k\u00e9rj\u00fck keressenek minket a megadott el\u00e9rhet\u0151s\u00e9geinken.<\/p>\n","protected":false},"author":1,"featured_media":0,"parent":0,"menu_order":0,"comment_status":"closed","ping_status":"closed","template":"","meta":{"footnotes":""},"class_list":["post-104","page","type-page","status-publish","hentry"],"_links":{"self":[{"href":"https:\/\/preprod.barakuda.hu\/index.php?rest_route=\/wp\/v2\/pages\/104","targetHints":{"allow":["GET"]}}],"collection":[{"href":"https:\/\/preprod.barakuda.hu\/index.php?rest_route=\/wp\/v2\/pages"}],"about":[{"href":"https:\/\/preprod.barakuda.hu\/index.php?rest_route=\/wp\/v2\/types\/page"}],"author":[{"embeddable":true,"href":"https:\/\/preprod.barakuda.hu\/index.php?rest_route=\/wp\/v2\/users\/1"}],"replies":[{"embeddable":true,"href":"https:\/\/preprod.barakuda.hu\/index.php?rest_route=%2Fwp%2Fv2%2Fcomments&post=104"}],"version-history":[{"count":4,"href":"https:\/\/preprod.barakuda.hu\/index.php?rest_route=\/wp\/v2\/pages\/104\/revisions"}],"predecessor-version":[{"id":108,"href":"https:\/\/preprod.barakuda.hu\/index.php?rest_route=\/wp\/v2\/pages\/104\/revisions\/108"}],"wp:attachment":[{"href":"https:\/\/preprod.barakuda.hu\/index.php?rest_route=%2Fwp%2Fv2%2Fmedia&parent=104"}],"curies":[{"name":"wp","href":"https:\/\/api.w.org\/{rel}","templated":true}]}}