{"id":14,"date":"2023-08-08T16:13:24","date_gmt":"2023-08-08T14:13:24","guid":{"rendered":"https:\/\/preprod.barakuda.hu\/?page_id=14"},"modified":"2025-07-12T17:50:09","modified_gmt":"2025-07-12T15:50:09","slug":"rolunk","status":"publish","type":"page","link":"https:\/\/preprod.barakuda.hu\/","title":{"rendered":"R\u00f3lunk"},"content":{"rendered":"\t\t<div data-elementor-type=\"wp-page\" data-elementor-id=\"14\" class=\"elementor elementor-14\">\n\t\t\t\t\t\t\t\t\t<section class=\"elementor-section elementor-top-section elementor-element elementor-element-70661e7d elementor-section-boxed elementor-section-height-default elementor-section-height-default\" data-id=\"70661e7d\" data-element_type=\"section\">\n\t\t\t\t\t\t<div class=\"elementor-container elementor-column-gap-default\">\n\t\t\t\t\t<div class=\"elementor-column elementor-col-100 elementor-top-column elementor-element elementor-element-112410ad\" data-id=\"112410ad\" data-element_type=\"column\">\n\t\t\t<div class=\"elementor-widget-wrap elementor-element-populated\">\n\t\t\t\t\t\t\t\t<div class=\"elementor-element elementor-element-32e634e1 elementor-widget elementor-widget-text-editor\" data-id=\"32e634e1\" data-element_type=\"widget\" data-widget_type=\"text-editor.default\">\n\t\t\t\t<div class=\"elementor-widget-container\">\n\t\t\t<style>\/*! elementor - v3.15.0 - 09-08-2023 *\/\n.elementor-widget-text-editor.elementor-drop-cap-view-stacked .elementor-drop-cap{background-color:#69727d;color:#fff}.elementor-widget-text-editor.elementor-drop-cap-view-framed .elementor-drop-cap{color:#69727d;border:3px solid;background-color:transparent}.elementor-widget-text-editor:not(.elementor-drop-cap-view-default) .elementor-drop-cap{margin-top:8px}.elementor-widget-text-editor:not(.elementor-drop-cap-view-default) .elementor-drop-cap-letter{width:1em;height:1em}.elementor-widget-text-editor .elementor-drop-cap{float:left;text-align:center;line-height:1;font-size:50px}.elementor-widget-text-editor .elementor-drop-cap-letter{display:inline-block}<\/style>\t\t\t\t<p><!-- wp:paragraph --><\/p>\n<p>\u00dcdv\u00f6z\u00f6lj\u00fck a Barakuda Informatika Zrt. honlapj\u00e1n!<\/p>\n<p><!-- \/wp:paragraph --><\/p>\n<p><!-- wp:paragraph --><\/p>\n<p>C\u00e9g\u00fcnk a p\u00e9nz\u00fcgyi v\u00e1llalkoz\u00e1sok sz\u00e1m\u00e1ra korszer\u0171 \u00e9s megb\u00edzhat\u00f3 adatb\u00e1ziskezel\u00e9si szolg\u00e1ltat\u00e1sokat k\u00edn\u00e1l. Az informatikai megold\u00e1saink r\u00e9v\u00e9n seg\u00edt\u00fcnk \u00fcgyfeleinknek hat\u00e9konyabban kezelni, t\u00e1rolni \u00e9s biztons\u00e1gosan megosztani az \u00e9rz\u00e9keny p\u00e9nz\u00fcgyi inform\u00e1ci\u00f3kat.<\/p>\n<p><!-- \/wp:paragraph --><\/p>\n<p><!-- wp:paragraph --><\/p>\n<p>Szak\u00e9rtelm\u00fcnk kiterjed a legmodernebb adatb\u00e1zis technol\u00f3gi\u00e1kra, \u00e9s szem\u00e9lyre szabott megold\u00e1sokat ny\u00fajtunk \u00fcgyfeleinknek annak \u00e9rdek\u00e9ben, hogy az adatok kezel\u00e9se gyors, hat\u00e9kony \u00e9s biztons\u00e1gos legyen. Az adatbiztons\u00e1g kiemelt fontoss\u00e1g\u00fa sz\u00e1munkra, \u00edgy rendszereinket a legmagasabb szint\u0171 biztons\u00e1gi standardoknak megfelel\u0151en tervezz\u00fck \u00e9s m\u0171k\u00f6dtetj\u00fck.<\/p>\n<p><!-- \/wp:paragraph --><\/p>\n<p><!-- wp:paragraph --><\/p>\n<p>Szolg\u00e1ltat\u00e1saink k\u00f6z\u00e9 tartozik az adatb\u00e1zis tervez\u00e9s, fejleszt\u00e9s, kezel\u00e9s \u00e9s optimaliz\u00e1l\u00e1s. Ezenk\u00edv\u00fcl szak\u00e9rt\u0151 csapatunk mindig rendelkez\u00e9sre \u00e1ll, hogy tan\u00e1csokkal \u00e9s t\u00e1mogat\u00e1ssal seg\u00edtse \u00fcgyfeleinket az adatok hat\u00e9konyabb kihaszn\u00e1l\u00e1s\u00e1ban \u00e9s a v\u00e1llalkoz\u00e1s n\u00f6veked\u00e9s\u00e9ben.<\/p>\n<p><!-- \/wp:paragraph --><\/p>\n<p><!-- wp:paragraph --><\/p>\n<p>A Barakuda Informatika Zrt. k\u00f6telezetts\u00e9get v\u00e1llal arra, hogy \u00fcgyfeleinket innovat\u00edv technol\u00f3giai megold\u00e1sokkal l\u00e1tja el, amelyek lehet\u0151v\u00e9 teszik sz\u00e1mukra, hogy el\u0151re l\u00e9pjenek a digit\u00e1lis \u00e1talakul\u00e1sban \u00e9s versenyk\u00e9pess\u00e9g\u00fcket n\u00f6velj\u00e9k. C\u00e9lunk, hogy hossz\u00fa t\u00e1v\u00fa partnerk\u00e9nt seg\u00edts\u00fck \u00fcgyfeleinket az informatikai \u00e9s adatkezel\u00e9si ig\u00e9nyeik teljes k\u00f6r\u0171 kiel\u00e9g\u00edt\u00e9s\u00e9ben.<\/p>\n<p><!-- \/wp:paragraph --><\/p>\n<p><!-- wp:paragraph --><\/p>\n<p>Fedezze fel, hogyan seg\u00edthet\u00fcnk v\u00e1llalkoz\u00e1s\u00e1nak a hat\u00e9konyabb adatkezel\u00e9sben \u00e9s n\u00f6veked\u00e9s\u00e9ben! Vegye fel vel\u00fcnk a kapcsolatot m\u00e9g ma, hogy szem\u00e9lyre szabott megold\u00e1sokkal l\u00e1thassuk el v\u00e1llalkoz\u00e1s\u00e1t. K\u00f6sz\u00f6nj\u00fck, hogy ell\u00e1togatott a Barakuda Informatika Zrt. honlapj\u00e1ra!<\/p>\n<p><!-- \/wp:paragraph --><\/p>\n<p><!-- wp:paragraph --><\/p>\n<p><!-- \/wp:paragraph --><\/p>\t\t\t\t\t\t<\/div>\n\t\t\t\t<\/div>\n\t\t\t\t\t<\/div>\n\t\t<\/div>\n\t\t\t\t\t\t\t<\/div>\n\t\t<\/section>\n\t\t\t\t<section class=\"elementor-section elementor-top-section elementor-element elementor-element-e3a7724 elementor-section-boxed elementor-section-height-default elementor-section-height-default\" data-id=\"e3a7724\" data-element_type=\"section\">\n\t\t\t\t\t\t<div class=\"elementor-container elementor-column-gap-default\">\n\t\t\t\t\t<div class=\"elementor-column elementor-col-100 elementor-top-column elementor-element elementor-element-85cb6d3\" data-id=\"85cb6d3\" data-element_type=\"column\">\n\t\t\t<div class=\"elementor-widget-wrap elementor-element-populated\">\n\t\t\t\t\t\t\t\t<div class=\"elementor-element elementor-element-e06b141 elementor-widget elementor-widget-text-path\" data-id=\"e06b141\" data-element_type=\"widget\" data-settings=\"{&quot;text&quot;:&quot;Add Your Curvy Text Here&quot;,&quot;link&quot;:{&quot;url&quot;:&quot;&quot;,&quot;is_external&quot;:&quot;&quot;,&quot;nofollow&quot;:&quot;&quot;,&quot;custom_attributes&quot;:&quot;&quot;},&quot;start_point&quot;:{&quot;unit&quot;:&quot;%&quot;,&quot;size&quot;:0,&quot;sizes&quot;:[]}}\" data-widget_type=\"text-path.default\">\n\t\t\t\t<div class=\"elementor-widget-container\">\n\t\t\t\t\t<div class=\"e-text-path\" data-text=\"Add Your Curvy Text Here\" data-url=\"\/\/preprod.barakuda.hu\/wp-content\/plugins\/elementor\/assets\/svg-paths\/wave.svg\" data-link-url=\"\"><\/div>\n\t\t\t\t<\/div>\n\t\t\t\t<\/div>\n\t\t\t\t\t<\/div>\n\t\t<\/div>\n\t\t\t\t\t\t\t<\/div>\n\t\t<\/section>\n\t\t\t\t\t\t\t<\/div>\n\t\t","protected":false},"excerpt":{"rendered":"<p>\u00dcdv\u00f6z\u00f6lj\u00fck a Barakuda Informatika Zrt. honlapj\u00e1n! C\u00e9g\u00fcnk a p\u00e9nz\u00fcgyi v\u00e1llalkoz\u00e1sok sz\u00e1m\u00e1ra korszer\u0171 \u00e9s megb\u00edzhat\u00f3 adatb\u00e1ziskezel\u00e9si szolg\u00e1ltat\u00e1sokat k\u00edn\u00e1l. Az informatikai megold\u00e1saink r\u00e9v\u00e9n seg\u00edt\u00fcnk \u00fcgyfeleinknek hat\u00e9konyabban kezelni, t\u00e1rolni \u00e9s biztons\u00e1gosan megosztani az \u00e9rz\u00e9keny p\u00e9nz\u00fcgyi inform\u00e1ci\u00f3kat. Szak\u00e9rtelm\u00fcnk kiterjed a legmodernebb adatb\u00e1zis technol\u00f3gi\u00e1kra, \u00e9s szem\u00e9lyre szabott megold\u00e1sokat ny\u00fajtunk \u00fcgyfeleinknek annak \u00e9rdek\u00e9ben, hogy az adatok kezel\u00e9se gyors, hat\u00e9kony \u00e9s biztons\u00e1gos [&hellip;]<\/p>\n","protected":false},"author":1,"featured_media":0,"parent":0,"menu_order":0,"comment_status":"closed","ping_status":"closed","template":"","meta":{"footnotes":""},"class_list":["post-14","page","type-page","status-publish","hentry"],"_links":{"self":[{"href":"https:\/\/preprod.barakuda.hu\/index.php?rest_route=\/wp\/v2\/pages\/14","targetHints":{"allow":["GET"]}}],"collection":[{"href":"https:\/\/preprod.barakuda.hu\/index.php?rest_route=\/wp\/v2\/pages"}],"about":[{"href":"https:\/\/preprod.barakuda.hu\/index.php?rest_route=\/wp\/v2\/types\/page"}],"author":[{"embeddable":true,"href":"https:\/\/preprod.barakuda.hu\/index.php?rest_route=\/wp\/v2\/users\/1"}],"replies":[{"embeddable":true,"href":"https:\/\/preprod.barakuda.hu\/index.php?rest_route=%2Fwp%2Fv2%2Fcomments&post=14"}],"version-history":[{"count":17,"href":"https:\/\/preprod.barakuda.hu\/index.php?rest_route=\/wp\/v2\/pages\/14\/revisions"}],"predecessor-version":[{"id":120,"href":"https:\/\/preprod.barakuda.hu\/index.php?rest_route=\/wp\/v2\/pages\/14\/revisions\/120"}],"wp:attachment":[{"href":"https:\/\/preprod.barakuda.hu\/index.php?rest_route=%2Fwp%2Fv2%2Fmedia&parent=14"}],"curies":[{"name":"wp","href":"https:\/\/api.w.org\/{rel}","templated":true}]}}