{"id":92,"date":"2024-04-16T11:43:18","date_gmt":"2024-04-16T09:43:18","guid":{"rendered":"https:\/\/preprod.barakuda.hu\/?page_id=92"},"modified":"2024-04-17T11:22:35","modified_gmt":"2024-04-17T09:22:35","slug":"elerhetosegeink","status":"publish","type":"page","link":"https:\/\/preprod.barakuda.hu\/?page_id=92","title":{"rendered":"El\u00e9rhet\u0151s\u00e9geink"},"content":{"rendered":"\n<p>C\u00edm\u00fcnk: 1092 Budapest, R\u00e1day utca 16. 1\/18.<\/p>\n\n\n\n<p>Email: info@barakuda.hu <\/p>\n\n\n\n<p>Telefon: +36 1 365 0074<\/p>\n","protected":false},"excerpt":{"rendered":"<p>C\u00edm\u00fcnk: 1092 Budapest, R\u00e1day utca 16. 1\/18. Email: info@barakuda.hu Telefon: +36 1 365 0074<\/p>\n","protected":false},"author":1,"featured_media":0,"parent":0,"menu_order":0,"comment_status":"closed","ping_status":"closed","template":"","meta":{"footnotes":""},"class_list":["post-92","page","type-page","status-publish","hentry"],"_links":{"self":[{"href":"https:\/\/preprod.barakuda.hu\/index.php?rest_route=\/wp\/v2\/pages\/92","targetHints":{"allow":["GET"]}}],"collection":[{"href":"https:\/\/preprod.barakuda.hu\/index.php?rest_route=\/wp\/v2\/pages"}],"about":[{"href":"https:\/\/preprod.barakuda.hu\/index.php?rest_route=\/wp\/v2\/types\/page"}],"author":[{"embeddable":true,"href":"https:\/\/preprod.barakuda.hu\/index.php?rest_route=\/wp\/v2\/users\/1"}],"replies":[{"embeddable":true,"href":"https:\/\/preprod.barakuda.hu\/index.php?rest_route=%2Fwp%2Fv2%2Fcomments&post=92"}],"version-history":[{"count":2,"href":"https:\/\/preprod.barakuda.hu\/index.php?rest_route=\/wp\/v2\/pages\/92\/revisions"}],"predecessor-version":[{"id":103,"href":"https:\/\/preprod.barakuda.hu\/index.php?rest_route=\/wp\/v2\/pages\/92\/revisions\/103"}],"wp:attachment":[{"href":"https:\/\/preprod.barakuda.hu\/index.php?rest_route=%2Fwp%2Fv2%2Fmedia&parent=92"}],"curies":[{"name":"wp","href":"https:\/\/api.w.org\/{rel}","templated":true}]}}